{"id":1188,"date":"2021-12-02T23:51:23","date_gmt":"2021-12-02T23:51:23","guid":{"rendered":"http:\/\/17.demooo.pl\/basket\/"},"modified":"2022-12-06T14:19:59","modified_gmt":"2022-12-06T14:19:59","slug":"basket","status":"publish","type":"page","link":"https:\/\/provock.com.pl\/en\/basket\/","title":{"rendered":"Basket"},"content":{"rendered":"\t\t<div data-elementor-type=\"wp-page\" data-elementor-id=\"1188\" class=\"elementor elementor-1188 elementor-7\" data-elementor-post-type=\"page\">\n\t\t\t\t\t\t<section class=\"elementor-section elementor-top-section elementor-element elementor-element-b39c5eb elementor-section-boxed elementor-section-height-default elementor-section-height-default\" data-id=\"b39c5eb\" data-element_type=\"section\" data-e-type=\"section\">\n\t\t\t\t\t\t<div class=\"elementor-container elementor-column-gap-default\">\n\t\t\t\t\t<div class=\"elementor-column elementor-col-33 elementor-top-column elementor-element elementor-element-a952be8\" data-id=\"a952be8\" data-element_type=\"column\" data-e-type=\"column\">\n\t\t\t<div class=\"elementor-widget-wrap elementor-element-populated\">\n\t\t\t\t\t\t<div class=\"elementor-element elementor-element-6ef2014 elementor-widget elementor-widget-heading\" data-id=\"6ef2014\" data-element_type=\"widget\" data-e-type=\"widget\" data-widget_type=\"heading.default\">\n\t\t\t\t<div class=\"elementor-widget-container\">\n\t\t\t\t\t<h3 class=\"elementor-heading-title elementor-size-default\">Basket<\/h3>\t\t\t\t<\/div>\n\t\t\t\t<\/div>\n\t\t\t\t\t<\/div>\n\t\t<\/div>\n\t\t\t\t<div class=\"elementor-column elementor-col-33 elementor-top-column elementor-element elementor-element-8fbeb21\" data-id=\"8fbeb21\" data-element_type=\"column\" data-e-type=\"column\">\n\t\t\t<div class=\"elementor-widget-wrap elementor-element-populated\">\n\t\t\t\t\t\t<div class=\"elementor-element elementor-element-626224b woo__breads elementor-widget elementor-widget-heading\" data-id=\"626224b\" data-element_type=\"widget\" data-e-type=\"widget\" data-widget_type=\"heading.default\">\n\t\t\t\t<div class=\"elementor-widget-container\">\n\t\t\t\t\t<h3 class=\"elementor-heading-title elementor-size-default\">Order<\/h3>\t\t\t\t<\/div>\n\t\t\t\t<\/div>\n\t\t\t\t\t<\/div>\n\t\t<\/div>\n\t\t\t\t<div class=\"elementor-column elementor-col-33 elementor-top-column elementor-element elementor-element-f1abbe6\" data-id=\"f1abbe6\" data-element_type=\"column\" data-e-type=\"column\">\n\t\t\t<div class=\"elementor-widget-wrap elementor-element-populated\">\n\t\t\t\t\t\t<div class=\"elementor-element elementor-element-969eb61 elementor-widget elementor-widget-heading\" data-id=\"969eb61\" data-element_type=\"widget\" data-e-type=\"widget\" data-widget_type=\"heading.default\">\n\t\t\t\t<div class=\"elementor-widget-container\">\n\t\t\t\t\t<h3 class=\"elementor-heading-title elementor-size-default\">Confirmation<\/h3>\t\t\t\t<\/div>\n\t\t\t\t<\/div>\n\t\t\t\t\t<\/div>\n\t\t<\/div>\n\t\t\t\t\t<\/div>\n\t\t<\/section>\n\t\t\t\t<section class=\"elementor-section elementor-top-section elementor-element elementor-element-2a3fe16 elementor-section-boxed elementor-section-height-default elementor-section-height-default\" data-id=\"2a3fe16\" data-element_type=\"section\" data-e-type=\"section\">\n\t\t\t\t\t\t<div class=\"elementor-container elementor-column-gap-default\">\n\t\t\t\t\t<div class=\"elementor-column elementor-col-100 elementor-top-column elementor-element elementor-element-168872f\" data-id=\"168872f\" data-element_type=\"column\" data-e-type=\"column\" data-settings=\"{&quot;background_background&quot;:&quot;classic&quot;}\">\n\t\t\t<div class=\"elementor-widget-wrap elementor-element-populated\">\n\t\t\t\t\t\t<div class=\"elementor-element elementor-element-1731c46 elementor-widget elementor-widget-text-editor\" data-id=\"1731c46\" data-element_type=\"widget\" data-e-type=\"widget\" data-widget_type=\"text-editor.default\">\n\t\t\t\t<div class=\"elementor-widget-container\">\n\t\t\t\t\t\t\t\t\t<p><span style=\"color: #333300;\"><strong>Deadline for orders:<\/strong> \u00a0<br \/>\n2-3 business days + shipping<\/span><\/p>\n\t\t\t\t\t\t\t\t<\/div>\n\t\t\t\t<\/div>\n\t\t\t\t\t<\/div>\n\t\t<\/div>\n\t\t\t\t\t<\/div>\n\t\t<\/section>\n\t\t\t\t<\/div>\n\t\t","protected":false},"excerpt":{"rendered":"<p>Basket Order Confirmation Deadline for orders: \u00a0 2-3 business days + shipping Usu\u0144 element Miniatura Produkt Cena Ilo\u015b\u0107 Kwota &times; Voucher 599&nbsp;&#122;&#322; 1 599&nbsp;&#122;&#322; Apply Podsumowanie Kwota 599&nbsp;&#122;&#322; Wysy\u0142ka Paczkomaty InPost: 16&nbsp;&#122;&#322; Kurier InPost: 18&nbsp;&#122;&#322; Odbi\u00f3r osobisty Wysy\u0142ka elektroniczna (Bezp\u0142atnie) Wysy\u0142ka do: Artura Grottgera, 63-100 \u015arem. Zmie\u0144 adres Kraj \/ region: Wybierz kraj\/region&hellip;AfganistanAlbaniaAlgieriaAndoraAngolaAnguillaAntarktydaAntigua i BarbudaArabia [&hellip;]<\/p>\n","protected":false},"author":1,"featured_media":0,"parent":0,"menu_order":0,"comment_status":"closed","ping_status":"closed","template":"elementor_header_footer","meta":{"_acf_changed":false,"inline_featured_image":false,"footnotes":""},"class_list":["post-1188","page","type-page","status-publish","hentry"],"acf":[],"yoast_head":"<!-- This site is optimized with the Yoast SEO plugin v27.5 - https:\/\/yoast.com\/product\/yoast-seo-wordpress\/ -->\n<title>Basket - PROVOCK<\/title>\n<meta name=\"robots\" content=\"index, follow, max-snippet:-1, max-image-preview:large, max-video-preview:-1\" \/>\n<link rel=\"canonical\" href=\"https:\/\/provock.com.pl\/en\/basket\/\" \/>\n<meta property=\"og:locale\" content=\"en_US\" \/>\n<meta property=\"og:type\" content=\"article\" \/>\n<meta property=\"og:title\" content=\"Basket - PROVOCK\" \/>\n<meta property=\"og:description\" content=\"Basket Order Confirmation Deadline for orders: \u00a0 2-3 business days + shipping Usu\u0144 element Miniatura Produkt Cena Ilo\u015b\u0107 Kwota &times; Voucher 599&nbsp;&#122;&#322; 1 599&nbsp;&#122;&#322; Apply Podsumowanie Kwota 599&nbsp;&#122;&#322; Wysy\u0142ka Paczkomaty InPost: 16&nbsp;&#122;&#322; Kurier InPost: 18&nbsp;&#122;&#322; Odbi\u00f3r osobisty Wysy\u0142ka elektroniczna (Bezp\u0142atnie) Wysy\u0142ka do: Artura Grottgera, 63-100 \u015arem. Zmie\u0144 adres Kraj \/ region: Wybierz kraj\/region&hellip;AfganistanAlbaniaAlgieriaAndoraAngolaAnguillaAntarktydaAntigua i BarbudaArabia [&hellip;]\" \/>\n<meta property=\"og:url\" content=\"https:\/\/provock.com.pl\/en\/basket\/\" \/>\n<meta property=\"og:site_name\" content=\"PROVOCK\" \/>\n<meta property=\"article:modified_time\" content=\"2022-12-06T14:19:59+00:00\" \/>\n<meta property=\"og:image\" content=\"https:\/\/provock.com.pl\/wp-content\/uploads\/2022\/11\/voucher-300x213.jpg\" \/>\n<meta name=\"twitter:card\" content=\"summary_large_image\" \/>\n<meta name=\"twitter:label1\" content=\"Est. reading time\" \/>\n\t<meta name=\"twitter:data1\" content=\"1 minute\" \/>\n<script type=\"application\/ld+json\" class=\"yoast-schema-graph\">{\"@context\":\"https:\\\/\\\/schema.org\",\"@graph\":[{\"@type\":\"WebPage\",\"@id\":\"https:\\\/\\\/provock.com.pl\\\/en\\\/basket\\\/\",\"url\":\"https:\\\/\\\/provock.com.pl\\\/en\\\/basket\\\/\",\"name\":\"Basket - PROVOCK\",\"isPartOf\":{\"@id\":\"https:\\\/\\\/provock.com.pl\\\/en\\\/#website\"},\"primaryImageOfPage\":{\"@id\":\"https:\\\/\\\/provock.com.pl\\\/en\\\/basket\\\/#primaryimage\"},\"image\":{\"@id\":\"https:\\\/\\\/provock.com.pl\\\/en\\\/basket\\\/#primaryimage\"},\"thumbnailUrl\":\"https:\\\/\\\/provock.com.pl\\\/wp-content\\\/uploads\\\/2022\\\/11\\\/voucher-300x213.jpg\",\"datePublished\":\"2021-12-02T23:51:23+00:00\",\"dateModified\":\"2022-12-06T14:19:59+00:00\",\"breadcrumb\":{\"@id\":\"https:\\\/\\\/provock.com.pl\\\/en\\\/basket\\\/#breadcrumb\"},\"inLanguage\":\"en-US\",\"potentialAction\":[{\"@type\":\"ReadAction\",\"target\":[\"https:\\\/\\\/provock.com.pl\\\/en\\\/basket\\\/\"]}]},{\"@type\":\"ImageObject\",\"inLanguage\":\"en-US\",\"@id\":\"https:\\\/\\\/provock.com.pl\\\/en\\\/basket\\\/#primaryimage\",\"url\":\"https:\\\/\\\/provock.com.pl\\\/wp-content\\\/uploads\\\/2022\\\/11\\\/voucher-300x213.jpg\",\"contentUrl\":\"https:\\\/\\\/provock.com.pl\\\/wp-content\\\/uploads\\\/2022\\\/11\\\/voucher-300x213.jpg\"},{\"@type\":\"BreadcrumbList\",\"@id\":\"https:\\\/\\\/provock.com.pl\\\/en\\\/basket\\\/#breadcrumb\",\"itemListElement\":[{\"@type\":\"ListItem\",\"position\":1,\"name\":\"Strona g\u0142\u00f3wna\",\"item\":\"https:\\\/\\\/provock.com.pl\\\/en\\\/\"},{\"@type\":\"ListItem\",\"position\":2,\"name\":\"Basket\"}]},{\"@type\":\"WebSite\",\"@id\":\"https:\\\/\\\/provock.com.pl\\\/en\\\/#website\",\"url\":\"https:\\\/\\\/provock.com.pl\\\/en\\\/\",\"name\":\"PROVOCK\",\"description\":\"\",\"potentialAction\":[{\"@type\":\"SearchAction\",\"target\":{\"@type\":\"EntryPoint\",\"urlTemplate\":\"https:\\\/\\\/provock.com.pl\\\/en\\\/?s={search_term_string}\"},\"query-input\":{\"@type\":\"PropertyValueSpecification\",\"valueRequired\":true,\"valueName\":\"search_term_string\"}}],\"inLanguage\":\"en-US\"}]}<\/script>\n<!-- \/ Yoast SEO plugin. -->","yoast_head_json":{"title":"Basket - PROVOCK","robots":{"index":"index","follow":"follow","max-snippet":"max-snippet:-1","max-image-preview":"max-image-preview:large","max-video-preview":"max-video-preview:-1"},"canonical":"https:\/\/provock.com.pl\/en\/basket\/","og_locale":"en_US","og_type":"article","og_title":"Basket - PROVOCK","og_description":"Basket Order Confirmation Deadline for orders: \u00a0 2-3 business days + shipping Usu\u0144 element Miniatura Produkt Cena Ilo\u015b\u0107 Kwota &times; Voucher 599&nbsp;&#122;&#322; 1 599&nbsp;&#122;&#322; Apply Podsumowanie Kwota 599&nbsp;&#122;&#322; Wysy\u0142ka Paczkomaty InPost: 16&nbsp;&#122;&#322; Kurier InPost: 18&nbsp;&#122;&#322; Odbi\u00f3r osobisty Wysy\u0142ka elektroniczna (Bezp\u0142atnie) Wysy\u0142ka do: Artura Grottgera, 63-100 \u015arem. Zmie\u0144 adres Kraj \/ region: Wybierz kraj\/region&hellip;AfganistanAlbaniaAlgieriaAndoraAngolaAnguillaAntarktydaAntigua i BarbudaArabia [&hellip;]","og_url":"https:\/\/provock.com.pl\/en\/basket\/","og_site_name":"PROVOCK","article_modified_time":"2022-12-06T14:19:59+00:00","og_image":[{"url":"https:\/\/provock.com.pl\/wp-content\/uploads\/2022\/11\/voucher-300x213.jpg","type":"","width":"","height":""}],"twitter_card":"summary_large_image","twitter_misc":{"Est. reading time":"1 minute"},"schema":{"@context":"https:\/\/schema.org","@graph":[{"@type":"WebPage","@id":"https:\/\/provock.com.pl\/en\/basket\/","url":"https:\/\/provock.com.pl\/en\/basket\/","name":"Basket - PROVOCK","isPartOf":{"@id":"https:\/\/provock.com.pl\/en\/#website"},"primaryImageOfPage":{"@id":"https:\/\/provock.com.pl\/en\/basket\/#primaryimage"},"image":{"@id":"https:\/\/provock.com.pl\/en\/basket\/#primaryimage"},"thumbnailUrl":"https:\/\/provock.com.pl\/wp-content\/uploads\/2022\/11\/voucher-300x213.jpg","datePublished":"2021-12-02T23:51:23+00:00","dateModified":"2022-12-06T14:19:59+00:00","breadcrumb":{"@id":"https:\/\/provock.com.pl\/en\/basket\/#breadcrumb"},"inLanguage":"en-US","potentialAction":[{"@type":"ReadAction","target":["https:\/\/provock.com.pl\/en\/basket\/"]}]},{"@type":"ImageObject","inLanguage":"en-US","@id":"https:\/\/provock.com.pl\/en\/basket\/#primaryimage","url":"https:\/\/provock.com.pl\/wp-content\/uploads\/2022\/11\/voucher-300x213.jpg","contentUrl":"https:\/\/provock.com.pl\/wp-content\/uploads\/2022\/11\/voucher-300x213.jpg"},{"@type":"BreadcrumbList","@id":"https:\/\/provock.com.pl\/en\/basket\/#breadcrumb","itemListElement":[{"@type":"ListItem","position":1,"name":"Strona g\u0142\u00f3wna","item":"https:\/\/provock.com.pl\/en\/"},{"@type":"ListItem","position":2,"name":"Basket"}]},{"@type":"WebSite","@id":"https:\/\/provock.com.pl\/en\/#website","url":"https:\/\/provock.com.pl\/en\/","name":"PROVOCK","description":"","potentialAction":[{"@type":"SearchAction","target":{"@type":"EntryPoint","urlTemplate":"https:\/\/provock.com.pl\/en\/?s={search_term_string}"},"query-input":{"@type":"PropertyValueSpecification","valueRequired":true,"valueName":"search_term_string"}}],"inLanguage":"en-US"}]}},"_links":{"self":[{"href":"https:\/\/provock.com.pl\/en\/wp-json\/wp\/v2\/pages\/1188","targetHints":{"allow":["GET"]}}],"collection":[{"href":"https:\/\/provock.com.pl\/en\/wp-json\/wp\/v2\/pages"}],"about":[{"href":"https:\/\/provock.com.pl\/en\/wp-json\/wp\/v2\/types\/page"}],"author":[{"embeddable":true,"href":"https:\/\/provock.com.pl\/en\/wp-json\/wp\/v2\/users\/1"}],"replies":[{"embeddable":true,"href":"https:\/\/provock.com.pl\/en\/wp-json\/wp\/v2\/comments?post=1188"}],"version-history":[{"count":2,"href":"https:\/\/provock.com.pl\/en\/wp-json\/wp\/v2\/pages\/1188\/revisions"}],"predecessor-version":[{"id":1546,"href":"https:\/\/provock.com.pl\/en\/wp-json\/wp\/v2\/pages\/1188\/revisions\/1546"}],"wp:attachment":[{"href":"https:\/\/provock.com.pl\/en\/wp-json\/wp\/v2\/media?parent=1188"}],"curies":[{"name":"wp","href":"https:\/\/api.w.org\/{rel}","templated":true}]}}