{"id":8831,"date":"2025-11-13T09:09:34","date_gmt":"2025-11-13T09:09:34","guid":{"rendered":"https:\/\/provock.com.pl\/?post_type=product&#038;p=8831"},"modified":"2026-04-11T04:40:53","modified_gmt":"2026-04-11T04:40:53","slug":"mocha","status":"publish","type":"product","link":"https:\/\/provock.com.pl\/en\/product\/mocha\/","title":{"rendered":"Buty do High Heels Mocha"},"content":{"rendered":"","protected":false},"excerpt":{"rendered":"","protected":false},"featured_media":8838,"comment_status":"closed","ping_status":"closed","template":"","meta":{"_acf_changed":false,"inline_featured_image":false},"pwb-brand":[],"product_cat":[15],"product_tag":[],"class_list":["post-8831","product","type-product","status-publish","has-post-thumbnail","hentry","product_cat-buty"],"acf":[],"yoast_head":"<!-- This site is optimized with the Yoast SEO plugin v27.4 - https:\/\/yoast.com\/product\/yoast-seo-wordpress\/ -->\n<title>Buty do High Heels Mocha - PROVOCK<\/title>\n<meta name=\"description\" content=\"Najwy\u017cszej jako\u015bci szpilki do ta\u0144ca. Niezapomniane chwile na parkiecie \u2764\ufe0f Sprawd\u017a nasz\u0105 szerok\u0105 ofert\u0119 i wybierz idealn\u0105 par\u0119 ju\u017c dzi\u015b!\" \/>\n<meta name=\"robots\" content=\"index, follow, max-snippet:-1, max-image-preview:large, max-video-preview:-1\" \/>\n<link rel=\"canonical\" href=\"https:\/\/provock.com.pl\/en\/product\/mocha\/\" \/>\n<meta property=\"og:locale\" content=\"en_US\" \/>\n<meta property=\"og:type\" content=\"article\" \/>\n<meta property=\"og:title\" content=\"Buty do High Heels Mocha - PROVOCK\" \/>\n<meta property=\"og:description\" content=\"Najwy\u017cszej jako\u015bci szpilki do ta\u0144ca. Niezapomniane chwile na parkiecie \u2764\ufe0f Sprawd\u017a nasz\u0105 szerok\u0105 ofert\u0119 i wybierz idealn\u0105 par\u0119 ju\u017c dzi\u015b!\" \/>\n<meta property=\"og:url\" content=\"https:\/\/provock.com.pl\/en\/product\/mocha\/\" \/>\n<meta property=\"og:site_name\" content=\"PROVOCK\" \/>\n<meta property=\"article:modified_time\" content=\"2026-04-11T04:40:53+00:00\" \/>\n<meta property=\"og:image\" content=\"https:\/\/provock.com.pl\/wp-content\/uploads\/2025\/11\/Provock-3-1024x1024.png\" \/>\n\t<meta property=\"og:image:width\" content=\"1024\" \/>\n\t<meta property=\"og:image:height\" content=\"1024\" \/>\n\t<meta property=\"og:image:type\" content=\"image\/png\" \/>\n<meta name=\"twitter:card\" content=\"summary_large_image\" \/>\n<meta name=\"twitter:label1\" content=\"Est. reading time\" \/>\n\t<meta name=\"twitter:data1\" content=\"1 minute\" \/>\n<script type=\"application\/ld+json\" class=\"yoast-schema-graph\">{\"@context\":\"https:\\\/\\\/schema.org\",\"@graph\":[{\"@type\":\"WebPage\",\"@id\":\"https:\\\/\\\/provock.com.pl\\\/en\\\/product\\\/mocha\\\/\",\"url\":\"https:\\\/\\\/provock.com.pl\\\/en\\\/product\\\/mocha\\\/\",\"name\":\"Buty do High Heels Mocha - PROVOCK\",\"isPartOf\":{\"@id\":\"https:\\\/\\\/provock.com.pl\\\/en\\\/#website\"},\"primaryImageOfPage\":{\"@id\":\"https:\\\/\\\/provock.com.pl\\\/en\\\/product\\\/mocha\\\/#primaryimage\"},\"image\":{\"@id\":\"https:\\\/\\\/provock.com.pl\\\/en\\\/product\\\/mocha\\\/#primaryimage\"},\"thumbnailUrl\":\"https:\\\/\\\/provock.com.pl\\\/wp-content\\\/uploads\\\/2025\\\/11\\\/Provock-3.png\",\"datePublished\":\"2025-11-13T09:09:34+00:00\",\"dateModified\":\"2026-04-11T04:40:53+00:00\",\"description\":\"Najwy\u017cszej jako\u015bci szpilki do ta\u0144ca. Niezapomniane chwile na parkiecie \u2764\ufe0f Sprawd\u017a nasz\u0105 szerok\u0105 ofert\u0119 i wybierz idealn\u0105 par\u0119 ju\u017c dzi\u015b!\",\"breadcrumb\":{\"@id\":\"https:\\\/\\\/provock.com.pl\\\/en\\\/product\\\/mocha\\\/#breadcrumb\"},\"inLanguage\":\"en-US\",\"potentialAction\":[{\"@type\":\"ReadAction\",\"target\":[\"https:\\\/\\\/provock.com.pl\\\/en\\\/product\\\/mocha\\\/\"]}]},{\"@type\":\"ImageObject\",\"inLanguage\":\"en-US\",\"@id\":\"https:\\\/\\\/provock.com.pl\\\/en\\\/product\\\/mocha\\\/#primaryimage\",\"url\":\"https:\\\/\\\/provock.com.pl\\\/wp-content\\\/uploads\\\/2025\\\/11\\\/Provock-3.png\",\"contentUrl\":\"https:\\\/\\\/provock.com.pl\\\/wp-content\\\/uploads\\\/2025\\\/11\\\/Provock-3.png\",\"width\":2000,\"height\":2000,\"caption\":\"Buty do ta\u0144czenia High Heels Mocha\"},{\"@type\":\"BreadcrumbList\",\"@id\":\"https:\\\/\\\/provock.com.pl\\\/en\\\/product\\\/mocha\\\/#breadcrumb\",\"itemListElement\":[{\"@type\":\"ListItem\",\"position\":1,\"name\":\"Strona g\u0142\u00f3wna\",\"item\":\"https:\\\/\\\/provock.com.pl\\\/en\\\/\"},{\"@type\":\"ListItem\",\"position\":2,\"name\":\"Store\",\"item\":\"https:\\\/\\\/provock.com.pl\\\/en\\\/store\\\/\"},{\"@type\":\"ListItem\",\"position\":3,\"name\":\"Buty do High Heels Mocha\"}]},{\"@type\":\"WebSite\",\"@id\":\"https:\\\/\\\/provock.com.pl\\\/en\\\/#website\",\"url\":\"https:\\\/\\\/provock.com.pl\\\/en\\\/\",\"name\":\"PROVOCK\",\"description\":\"\",\"potentialAction\":[{\"@type\":\"SearchAction\",\"target\":{\"@type\":\"EntryPoint\",\"urlTemplate\":\"https:\\\/\\\/provock.com.pl\\\/en\\\/?s={search_term_string}\"},\"query-input\":{\"@type\":\"PropertyValueSpecification\",\"valueRequired\":true,\"valueName\":\"search_term_string\"}}],\"inLanguage\":\"en-US\"}]}<\/script>\n<!-- \/ Yoast SEO plugin. -->","yoast_head_json":{"title":"Buty do High Heels Mocha - PROVOCK","description":"Najwy\u017cszej jako\u015bci szpilki do ta\u0144ca. Niezapomniane chwile na parkiecie \u2764\ufe0f Sprawd\u017a nasz\u0105 szerok\u0105 ofert\u0119 i wybierz idealn\u0105 par\u0119 ju\u017c dzi\u015b!","robots":{"index":"index","follow":"follow","max-snippet":"max-snippet:-1","max-image-preview":"max-image-preview:large","max-video-preview":"max-video-preview:-1"},"canonical":"https:\/\/provock.com.pl\/en\/product\/mocha\/","og_locale":"en_US","og_type":"article","og_title":"Buty do High Heels Mocha - PROVOCK","og_description":"Najwy\u017cszej jako\u015bci szpilki do ta\u0144ca. Niezapomniane chwile na parkiecie \u2764\ufe0f Sprawd\u017a nasz\u0105 szerok\u0105 ofert\u0119 i wybierz idealn\u0105 par\u0119 ju\u017c dzi\u015b!","og_url":"https:\/\/provock.com.pl\/en\/product\/mocha\/","og_site_name":"PROVOCK","article_modified_time":"2026-04-11T04:40:53+00:00","og_image":[{"width":1024,"height":1024,"url":"https:\/\/provock.com.pl\/wp-content\/uploads\/2025\/11\/Provock-3-1024x1024.png","type":"image\/png"}],"twitter_card":"summary_large_image","twitter_misc":{"Est. reading time":"1 minute"},"schema":{"@context":"https:\/\/schema.org","@graph":[{"@type":"WebPage","@id":"https:\/\/provock.com.pl\/en\/product\/mocha\/","url":"https:\/\/provock.com.pl\/en\/product\/mocha\/","name":"Buty do High Heels Mocha - PROVOCK","isPartOf":{"@id":"https:\/\/provock.com.pl\/en\/#website"},"primaryImageOfPage":{"@id":"https:\/\/provock.com.pl\/en\/product\/mocha\/#primaryimage"},"image":{"@id":"https:\/\/provock.com.pl\/en\/product\/mocha\/#primaryimage"},"thumbnailUrl":"https:\/\/provock.com.pl\/wp-content\/uploads\/2025\/11\/Provock-3.png","datePublished":"2025-11-13T09:09:34+00:00","dateModified":"2026-04-11T04:40:53+00:00","description":"Najwy\u017cszej jako\u015bci szpilki do ta\u0144ca. Niezapomniane chwile na parkiecie \u2764\ufe0f Sprawd\u017a nasz\u0105 szerok\u0105 ofert\u0119 i wybierz idealn\u0105 par\u0119 ju\u017c dzi\u015b!","breadcrumb":{"@id":"https:\/\/provock.com.pl\/en\/product\/mocha\/#breadcrumb"},"inLanguage":"en-US","potentialAction":[{"@type":"ReadAction","target":["https:\/\/provock.com.pl\/en\/product\/mocha\/"]}]},{"@type":"ImageObject","inLanguage":"en-US","@id":"https:\/\/provock.com.pl\/en\/product\/mocha\/#primaryimage","url":"https:\/\/provock.com.pl\/wp-content\/uploads\/2025\/11\/Provock-3.png","contentUrl":"https:\/\/provock.com.pl\/wp-content\/uploads\/2025\/11\/Provock-3.png","width":2000,"height":2000,"caption":"Buty do ta\u0144czenia High Heels Mocha"},{"@type":"BreadcrumbList","@id":"https:\/\/provock.com.pl\/en\/product\/mocha\/#breadcrumb","itemListElement":[{"@type":"ListItem","position":1,"name":"Strona g\u0142\u00f3wna","item":"https:\/\/provock.com.pl\/en\/"},{"@type":"ListItem","position":2,"name":"Store","item":"https:\/\/provock.com.pl\/en\/store\/"},{"@type":"ListItem","position":3,"name":"Buty do High Heels Mocha"}]},{"@type":"WebSite","@id":"https:\/\/provock.com.pl\/en\/#website","url":"https:\/\/provock.com.pl\/en\/","name":"PROVOCK","description":"","potentialAction":[{"@type":"SearchAction","target":{"@type":"EntryPoint","urlTemplate":"https:\/\/provock.com.pl\/en\/?s={search_term_string}"},"query-input":{"@type":"PropertyValueSpecification","valueRequired":true,"valueName":"search_term_string"}}],"inLanguage":"en-US"}]}},"brands":[],"_links":{"self":[{"href":"https:\/\/provock.com.pl\/en\/wp-json\/wp\/v2\/product\/8831","targetHints":{"allow":["GET"]}}],"collection":[{"href":"https:\/\/provock.com.pl\/en\/wp-json\/wp\/v2\/product"}],"about":[{"href":"https:\/\/provock.com.pl\/en\/wp-json\/wp\/v2\/types\/product"}],"replies":[{"embeddable":true,"href":"https:\/\/provock.com.pl\/en\/wp-json\/wp\/v2\/comments?post=8831"}],"wp:featuredmedia":[{"embeddable":true,"href":"https:\/\/provock.com.pl\/en\/wp-json\/wp\/v2\/media\/8838"}],"wp:attachment":[{"href":"https:\/\/provock.com.pl\/en\/wp-json\/wp\/v2\/media?parent=8831"}],"wp:term":[{"taxonomy":"pwb-brand","embeddable":true,"href":"https:\/\/provock.com.pl\/en\/wp-json\/wp\/v2\/pwb-brand?post=8831"},{"taxonomy":"product_cat","embeddable":true,"href":"https:\/\/provock.com.pl\/en\/wp-json\/wp\/v2\/product_cat?post=8831"},{"taxonomy":"product_tag","embeddable":true,"href":"https:\/\/provock.com.pl\/en\/wp-json\/wp\/v2\/product_tag?post=8831"}],"curies":[{"name":"wp","href":"https:\/\/api.w.org\/{rel}","templated":true}]}}